{"id":556,"date":"2021-11-11T13:28:21","date_gmt":"2021-11-11T12:28:21","guid":{"rendered":"https:\/\/knisja.mt\/forms\/?page_id=556"},"modified":"2025-11-10T08:47:40","modified_gmt":"2025-11-10T07:47:40","slug":"church-schools-gozo","status":"publish","type":"page","link":"https:\/\/church.mt\/forms\/church-schools-gozo\/","title":{"rendered":"Gozo Church Schools Admission Application"},"content":{"rendered":"\n<div style=\"height:50px\" aria-hidden=\"true\" class=\"wp-block-spacer\"><\/div>\n\n\n\n<div class=\"wp-block-image\"><figure class=\"aligncenter size-large is-resized\"><img loading=\"lazy\" src=\"https:\/\/knisja.mt\/forms\/wp-content\/uploads\/2021\/11\/SfCE-MT-1024x269.png\" alt=\"\" class=\"wp-image-553\" width=\"380\" height=\"100\" srcset=\"https:\/\/church.mt\/forms\/wp-content\/uploads\/2021\/11\/SfCE-MT-1024x269.png 1024w, https:\/\/church.mt\/forms\/wp-content\/uploads\/2021\/11\/SfCE-MT-300x79.png 300w, https:\/\/church.mt\/forms\/wp-content\/uploads\/2021\/11\/SfCE-MT-768x202.png 768w, https:\/\/church.mt\/forms\/wp-content\/uploads\/2021\/11\/SfCE-MT.png 1141w\" sizes=\"(max-width: 380px) 100vw, 380px\" \/><\/figure><\/div>\n\n\n\n<div style=\"height:20px\" aria-hidden=\"true\" class=\"wp-block-spacer\"><\/div>\n\n\n<p><h2 style=\"text-align: center;\">Applikazzjonijiet online<br>g\u0127ad-D\u0127ul fl-Iskejjel tal-Knisja f&#8217;G\u0127awdex<\/h2>\r\n<h3 style=\"text-align: center; margin-top: 40px;\">L-Applikazzjonijiet huma mag\u0127luqa<\/h3>\r\n<h3 style=\"text-align: center; margin-top: 40px;\">G\u0127al aktar informazzjoni \u017cur <a href=\"https:\/\/knisja.mt\/skejjel\">https:\/\/knisja.mt\/skejjel<\/a><\/h3>\r\n<br>\r\n<hr>\r\n<br>\r\n<h2 style=\"text-align: center;\"><em>Online Applications for Admissions in Church Schools, Gozo<\/em><\/h2>\r\n<h3 style=\"text-align: center; margin-top: 40px;\">Applications are now closed.<\/h3>\r\n<h3 style=\"text-align: center; margin-top: 40px;\">For information visit <a href=\"https:\/\/church.mt\/schools\">https:\/\/church.mt\/schools<\/a><\/h3><\/p>","protected":false},"excerpt":{"rendered":"","protected":false},"author":1,"featured_media":0,"parent":0,"menu_order":0,"comment_status":"closed","ping_status":"closed","template":"","meta":[],"_links":{"self":[{"href":"https:\/\/church.mt\/forms\/wp-json\/wp\/v2\/pages\/556"}],"collection":[{"href":"https:\/\/church.mt\/forms\/wp-json\/wp\/v2\/pages"}],"about":[{"href":"https:\/\/church.mt\/forms\/wp-json\/wp\/v2\/types\/page"}],"author":[{"embeddable":true,"href":"https:\/\/church.mt\/forms\/wp-json\/wp\/v2\/users\/1"}],"replies":[{"embeddable":true,"href":"https:\/\/church.mt\/forms\/wp-json\/wp\/v2\/comments?post=556"}],"version-history":[{"count":9,"href":"https:\/\/church.mt\/forms\/wp-json\/wp\/v2\/pages\/556\/revisions"}],"predecessor-version":[{"id":1179,"href":"https:\/\/church.mt\/forms\/wp-json\/wp\/v2\/pages\/556\/revisions\/1179"}],"wp:attachment":[{"href":"https:\/\/church.mt\/forms\/wp-json\/wp\/v2\/media?parent=556"}],"curies":[{"name":"wp","href":"https:\/\/api.w.org\/{rel}","templated":true}]}}